{"id":1371,"date":"2022-08-25T09:41:10","date_gmt":"2022-08-25T09:41:10","guid":{"rendered":"https:\/\/gavino.qodeinteractive.com\/?page_id=1371"},"modified":"2025-11-24T10:57:26","modified_gmt":"2025-11-24T09:57:26","slug":"my-services","status":"publish","type":"page","link":"https:\/\/sharondesign.fr\/en\/my-services\/","title":{"rendered":"My services"},"content":{"rendered":"\t\t<div data-elementor-type=\"wp-page\" data-elementor-id=\"1371\" class=\"elementor elementor-1371\" data-elementor-post-type=\"page\">\n\t\t\t\t\t\t<section class=\"elementor-section elementor-top-section elementor-element elementor-element-19ac76e elementor-section-full_width elementor-section-height-default elementor-section-height-default qodef-elementor-content-no\" data-id=\"19ac76e\" data-element_type=\"section\" data-e-type=\"section\" data-settings=\"{&quot;background_background&quot;:&quot;classic&quot;}\">\n\t\t\t\t\t\t<div class=\"elementor-container elementor-column-gap-default\">\n\t\t\t\t\t<div class=\"elementor-column elementor-col-100 elementor-top-column elementor-element elementor-element-d31fd69\" data-id=\"d31fd69\" data-element_type=\"column\" data-e-type=\"column\" data-settings=\"{&quot;background_background&quot;:&quot;classic&quot;}\">\n\t\t\t<div class=\"elementor-widget-wrap elementor-element-populated\">\n\t\t\t\t\t<div class=\"elementor-background-overlay\"><\/div>\n\t\t\t\t\t\t<div class=\"elementor-element elementor-element-81d0361 elementor-widget elementor-widget-qi_addons_for_elementor_animated_text\" data-id=\"81d0361\" data-element_type=\"widget\" data-e-type=\"widget\" data-widget_type=\"qi_addons_for_elementor_animated_text.default\">\n\t\t\t\t<div class=\"elementor-widget-container\">\n\t\t\t\t\t<div class=\"qodef-shortcode qodef-m qodef-qi-animated-text qodef--alignment-center qodef-qi--has-appear qodef--appear-from-bottom\" >\n\t\t<h1 class=\"qodef-m-title\">\n\t\tMes services\t<\/h1>\n<\/div>\n\t\t\t\t<\/div>\n\t\t\t\t<\/div>\n\t\t\t\t<div class=\"elementor-element elementor-element-54677da elementor-widget elementor-widget-text-editor\" data-id=\"54677da\" data-element_type=\"widget\" data-e-type=\"widget\" data-widget_type=\"text-editor.default\">\n\t\t\t\t<div class=\"elementor-widget-container\">\n\t\t\t\t\t\t\t\t\t<p data-start=\"96\" data-end=\"408\">Designer Web et Graphique, je con\u00e7ois des univers visuels sur mesure qui mettent en avant l\u2019histoire de mes clients tout en r\u00e9pondant aux attentes de leur audience. M\u00eame \u00e0 distance, je reste pr\u00e9sente \u00e0 chaque \u00e9tape du projet gr\u00e2ce \u00e0 des \u00e9changes \u00e9crits r\u00e9guliers et des rendez-vous en visioconf\u00e9rence pour une collaboration fluide et agr\u00e9able.<\/p>\t\t\t\t\t\t\t\t<\/div>\n\t\t\t\t<\/div>\n\t\t\t\t<div class=\"elementor-element elementor-element-ac4cfe2 elementor-widget elementor-widget-gavino_core_scroll_to\" data-id=\"ac4cfe2\" data-element_type=\"widget\" data-e-type=\"widget\" data-widget_type=\"gavino_core_scroll_to.default\">\n\t\t\t\t<div class=\"elementor-widget-container\">\n\t\t\t\t\t<div class=\"qodef-shortcode qodef-m qodef-scroll-to\" style=\"color: #FFFFFF\">\n\t\t\t<p class=\"qodef-m-text\">\n                        scroll                    <\/p>\n\t<\/div>\n\t\t\t\t<\/div>\n\t\t\t\t<\/div>\n\t\t\t\t\t<\/div>\n\t\t<\/div>\n\t\t\t\t\t<\/div>\n\t\t<\/section>\n\t\t\t\t<section class=\"elementor-section elementor-top-section elementor-element elementor-element-a03409d elementor-section-full_width elementor-section-height-default elementor-section-height-default qodef-elementor-content-no\" data-id=\"a03409d\" data-element_type=\"section\" data-e-type=\"section\">\n\t\t\t\t\t\t<div class=\"elementor-container elementor-column-gap-default\">\n\t\t\t\t\t<div class=\"elementor-column elementor-col-100 elementor-top-column elementor-element elementor-element-605a887\" data-id=\"605a887\" data-element_type=\"column\" data-e-type=\"column\">\n\t\t\t<div class=\"elementor-widget-wrap elementor-element-populated\">\n\t\t\t\t\t\t<div class=\"elementor-element elementor-element-c50159d elementor-widget elementor-widget-gavino_core_blog_list\" data-id=\"c50159d\" data-element_type=\"widget\" data-e-type=\"widget\" data-widget_type=\"gavino_core_blog_list.default\">\n\t\t\t\t<div class=\"elementor-widget-container\">\n\t\t\t\t\t<div class=\"qodef-shortcode qodef-m messervices qodef-blog qodef--disable-margin-bottom qodef-custom-parallax qodef-item-layout--info-on-right qodef-hover--overlay qodef-top-info-centered--no qodef-order-by-filter--no qodef-grid qodef-layout--columns qodef-gutter--no qodef-col-num--1 qodef-item-layout--info-on-right qodef--no-bottom-space qodef-pagination--off qodef-responsive--predefined qodef-swiper-pagination--on\" data-options=\"{&quot;plugin&quot;:&quot;gavino_core&quot;,&quot;module&quot;:&quot;blog\\\/shortcodes&quot;,&quot;shortcode&quot;:&quot;blog-list&quot;,&quot;post_type&quot;:&quot;post&quot;,&quot;next_page&quot;:&quot;2&quot;,&quot;max_pages_num&quot;:1,&quot;custom_class&quot;:&quot;messervices&quot;,&quot;enable_top_info&quot;:&quot;no&quot;,&quot;top_info_title&quot;:&quot;As Featured In&quot;,&quot;top_info_more_text&quot;:&quot;All Stories&quot;,&quot;top_info_more_target&quot;:&quot;_self&quot;,&quot;top_info_centered&quot;:&quot;no&quot;,&quot;behavior&quot;:&quot;columns&quot;,&quot;images_proportion&quot;:&quot;full&quot;,&quot;columns&quot;:&quot;1&quot;,&quot;columns_responsive&quot;:&quot;predefined&quot;,&quot;columns_1440&quot;:&quot;3&quot;,&quot;columns_1366&quot;:&quot;3&quot;,&quot;columns_1024&quot;:&quot;3&quot;,&quot;columns_768&quot;:&quot;3&quot;,&quot;columns_680&quot;:&quot;3&quot;,&quot;columns_480&quot;:&quot;3&quot;,&quot;space&quot;:&quot;no&quot;,&quot;posts_per_page&quot;:&quot;4&quot;,&quot;orderby&quot;:&quot;date&quot;,&quot;order&quot;:&quot;ASC&quot;,&quot;additional_params&quot;:&quot;tax&quot;,&quot;tax&quot;:&quot;category&quot;,&quot;tax_slug&quot;:&quot;mes services&quot;,&quot;layout&quot;:&quot;info-on-right&quot;,&quot;title_tag&quot;:&quot;h2&quot;,&quot;text_transform&quot;:&quot;uppercase&quot;,&quot;hover_type&quot;:&quot;overlay&quot;,&quot;title_max_width&quot;:&quot;500&quot;,&quot;disable_bottom_info&quot;:&quot;yes&quot;,&quot;show_bottom_info_share&quot;:&quot;no&quot;,&quot;hide_read_more&quot;:&quot;no&quot;,&quot;hide_date&quot;:&quot;no&quot;,&quot;hide_excerpt&quot;:&quot;yes&quot;,&quot;hide_author&quot;:&quot;no&quot;,&quot;info_bottom&quot;:&quot;no&quot;,&quot;disable_content_margin_bottom_on_smaller_screens&quot;:&quot;yes&quot;,&quot;custom_parallax&quot;:&quot;yes&quot;,&quot;navigation_with_text&quot;:&quot;no&quot;,&quot;pagination_type&quot;:&quot;no-pagination&quot;,&quot;blog_list_enable_filter_order_by&quot;:&quot;no&quot;,&quot;object_class_name&quot;:&quot;GavinoCore_Blog_List_Shortcode&quot;,&quot;taxonomy_filter&quot;:&quot;category&quot;,&quot;additional_query_args&quot;:{&quot;tax_query&quot;:[{&quot;taxonomy&quot;:&quot;category&quot;,&quot;field&quot;:&quot;slug&quot;,&quot;terms&quot;:&quot;mes services&quot;}]},&quot;top_info_styles&quot;:[],&quot;slider_line_styles&quot;:[],&quot;slider_navigation_styles&quot;:[],&quot;space_value&quot;:0}\">\n\n    <div class=\"qodef-filters-holder\">\n            <\/div>\n    \t<div class=\"qodef-grid-inner clear\">\n\t\t<article class=\"qodef-e qodef-blog-item qodef-grid-item qodef-item--full post-1522 post type-post status-publish format-standard has-post-thumbnail hentry category-mes-services tag-fashion tag-sustainable\">\n\t<div class=\"qodef-e-inner\">\n\t\t\t<div class=\"qodef-e-media-image qodef--background\" style=\"background-image: url( https:\/\/sharondesign.fr\/wp-content\/uploads\/2022\/08\/Site-Webs-.webp)\">\n\t\t<img fetchpriority=\"high\" decoding=\"async\" width=\"1920\" height=\"690\" src=\"https:\/\/sharondesign.fr\/wp-content\/uploads\/2022\/08\/Site-Webs-.webp\" class=\"attachment-full size-full wp-post-image\" alt=\"Conception de site web Paris Ile de France\" srcset=\"https:\/\/sharondesign.fr\/wp-content\/uploads\/2022\/08\/Site-Webs-.webp 1920w, https:\/\/sharondesign.fr\/wp-content\/uploads\/2022\/08\/Site-Webs--1200x431.webp 1200w, https:\/\/sharondesign.fr\/wp-content\/uploads\/2022\/08\/Site-Webs--300x108.webp 300w, https:\/\/sharondesign.fr\/wp-content\/uploads\/2022\/08\/Site-Webs--1024x368.webp 1024w, https:\/\/sharondesign.fr\/wp-content\/uploads\/2022\/08\/Site-Webs--768x276.webp 768w, https:\/\/sharondesign.fr\/wp-content\/uploads\/2022\/08\/Site-Webs--1536x552.webp 1536w\" sizes=\"(max-width: 1920px) 100vw, 1920px\" \/>\n        \t<\/div>\n\t\t<div class=\"qodef-e-content\">\n\t\t\t<div class=\"qodef-e-top-holder\">\n                <h2 itemprop=\"name\" class=\"qodef-e-title entry-title\" style=\"text-transform: uppercase;max-width: 500px\">\n\t<a itemprop=\"url\" class=\"qodef-e-title-link\" href=\"https:\/\/sharondesign.fr\/en\/2022\/08\/25\/ecommerce-showcase-website-design\/\">\n        CONCEPTION DE SITE WEB\t<\/a>\n<\/h2>\n\t\t\t\t<div class=\"qodef-e-info\">\n\t\t\t\t\t<a itemprop=\"dateCreated\" href=\"https:\/\/sharondesign.fr\/en\/2022\/08\/\" class=\"entry-date \">\n\t25 August 2022<\/a><div class=\"qodef-info-separator-end\"><\/div>\n<a href=\"https:\/\/sharondesign.fr\/en\/category\/my-services\/\" rel=\"tag\">Mes Services<\/a><div class=\"qodef-info-separator-end\"><\/div>\t\t\t\t<\/div>\n\t\t\t<\/div>\n\t\t\t<div class=\"qodef-e-text\">\n\t\t\t\t\t\t\t<\/div>\n\t\t<\/div>\n\t\t<a itemprop=\"url\" class=\"qodef-e-post-link\" href=\"https:\/\/sharondesign.fr\/en\/2022\/08\/25\/ecommerce-showcase-website-design\/\"><\/a>\t<\/div>\n<\/article>\n<article class=\"qodef-e qodef-blog-item qodef-grid-item qodef-item--full post-1534 post type-post status-publish format-standard has-post-thumbnail hentry category-mes-services tag-fashion tag-sustainable\">\n\t<div class=\"qodef-e-inner\">\n\t\t\t<div class=\"qodef-e-media-image qodef--background\" style=\"background-image: url( https:\/\/sharondesign.fr\/wp-content\/uploads\/2022\/08\/Conception-didentite-visuelle.png)\">\n\t\t<img decoding=\"async\" width=\"1920\" height=\"690\" src=\"https:\/\/sharondesign.fr\/wp-content\/uploads\/2022\/08\/Conception-didentite-visuelle.png\" class=\"attachment-full size-full wp-post-image\" alt=\"Cr\u00e9ation d&#039;identit\u00e9 visuelle Direction Artistique\" srcset=\"https:\/\/sharondesign.fr\/wp-content\/uploads\/2022\/08\/Conception-didentite-visuelle.png 1920w, https:\/\/sharondesign.fr\/wp-content\/uploads\/2022\/08\/Conception-didentite-visuelle-1200x431.png 1200w, https:\/\/sharondesign.fr\/wp-content\/uploads\/2022\/08\/Conception-didentite-visuelle-300x108.png 300w, https:\/\/sharondesign.fr\/wp-content\/uploads\/2022\/08\/Conception-didentite-visuelle-1024x368.png 1024w, https:\/\/sharondesign.fr\/wp-content\/uploads\/2022\/08\/Conception-didentite-visuelle-768x276.png 768w, https:\/\/sharondesign.fr\/wp-content\/uploads\/2022\/08\/Conception-didentite-visuelle-1536x552.png 1536w\" sizes=\"(max-width: 1920px) 100vw, 1920px\" \/>\n        \t<\/div>\n\t\t<div class=\"qodef-e-content\">\n\t\t\t<div class=\"qodef-e-top-holder\">\n                <h2 itemprop=\"name\" class=\"qodef-e-title entry-title\" style=\"text-transform: uppercase;max-width: 500px\">\n\t<a itemprop=\"url\" class=\"qodef-e-title-link\" href=\"https:\/\/sharondesign.fr\/en\/2022\/08\/25\/creation-of-visual-identity-graphic-charter-logo\/\">\n        Cr\u00e9ation d&rsquo;identit\u00e9 visuelle\t<\/a>\n<\/h2>\n\t\t\t\t<div class=\"qodef-e-info\">\n\t\t\t\t\t<a itemprop=\"dateCreated\" href=\"https:\/\/sharondesign.fr\/en\/2022\/08\/\" class=\"entry-date \">\n\t25 August 2022<\/a><div class=\"qodef-info-separator-end\"><\/div>\n<a href=\"https:\/\/sharondesign.fr\/en\/category\/my-services\/\" rel=\"tag\">Mes Services<\/a><div class=\"qodef-info-separator-end\"><\/div>\t\t\t\t<\/div>\n\t\t\t<\/div>\n\t\t\t<div class=\"qodef-e-text\">\n\t\t\t\t\t\t\t<\/div>\n\t\t<\/div>\n\t\t<a itemprop=\"url\" class=\"qodef-e-post-link\" href=\"https:\/\/sharondesign.fr\/en\/2022\/08\/25\/creation-of-visual-identity-graphic-charter-logo\/\"><\/a>\t<\/div>\n<\/article>\n<article class=\"qodef-e qodef-blog-item qodef-grid-item qodef-item--full post-7443 post type-post status-publish format-standard has-post-thumbnail hentry category-mes-services\">\n\t<div class=\"qodef-e-inner\">\n\t\t\t<div class=\"qodef-e-media-image qodef--background\" style=\"background-image: url( https:\/\/sharondesign.fr\/wp-content\/uploads\/2023\/07\/Integration-Wordpress-Web-Design-Paris-2-.webp)\">\n\t\t<img decoding=\"async\" width=\"1920\" height=\"690\" src=\"https:\/\/sharondesign.fr\/wp-content\/uploads\/2023\/07\/Integration-Wordpress-Web-Design-Paris-2-.webp\" class=\"attachment-full size-full wp-post-image\" alt=\"Int\u00e9gration WordPress Web Design Paris (2) -\" srcset=\"https:\/\/sharondesign.fr\/wp-content\/uploads\/2023\/07\/Integration-Wordpress-Web-Design-Paris-2-.webp 1920w, https:\/\/sharondesign.fr\/wp-content\/uploads\/2023\/07\/Integration-Wordpress-Web-Design-Paris-2--1200x431.webp 1200w, https:\/\/sharondesign.fr\/wp-content\/uploads\/2023\/07\/Integration-Wordpress-Web-Design-Paris-2--300x108.webp 300w, https:\/\/sharondesign.fr\/wp-content\/uploads\/2023\/07\/Integration-Wordpress-Web-Design-Paris-2--1024x368.webp 1024w, https:\/\/sharondesign.fr\/wp-content\/uploads\/2023\/07\/Integration-Wordpress-Web-Design-Paris-2--768x276.webp 768w, https:\/\/sharondesign.fr\/wp-content\/uploads\/2023\/07\/Integration-Wordpress-Web-Design-Paris-2--1536x552.webp 1536w\" sizes=\"(max-width: 1920px) 100vw, 1920px\" \/>\n        \t<\/div>\n\t\t<div class=\"qodef-e-content\">\n\t\t\t<div class=\"qodef-e-top-holder\">\n                <h2 itemprop=\"name\" class=\"qodef-e-title entry-title\" style=\"text-transform: uppercase;max-width: 500px\">\n\t<a itemprop=\"url\" class=\"qodef-e-title-link\" href=\"https:\/\/sharondesign.fr\/en\/2023\/07\/30\/wordpress-integration\/\">\n        Int\u00e9gration wordpress\t<\/a>\n<\/h2>\n\t\t\t\t<div class=\"qodef-e-info\">\n\t\t\t\t\t<a itemprop=\"dateCreated\" href=\"https:\/\/sharondesign.fr\/en\/2023\/07\/\" class=\"entry-date \">\n\t30 July 2023<\/a><div class=\"qodef-info-separator-end\"><\/div>\n<a href=\"https:\/\/sharondesign.fr\/en\/category\/my-services\/\" rel=\"tag\">Mes Services<\/a><div class=\"qodef-info-separator-end\"><\/div>\t\t\t\t<\/div>\n\t\t\t<\/div>\n\t\t\t<div class=\"qodef-e-text\">\n\t\t\t\t\t\t\t<\/div>\n\t\t<\/div>\n\t\t<a itemprop=\"url\" class=\"qodef-e-post-link\" href=\"https:\/\/sharondesign.fr\/en\/2023\/07\/30\/wordpress-integration\/\"><\/a>\t<\/div>\n<\/article>\n\t<\/div>\n\t<\/div>\n\t\t\t\t<\/div>\n\t\t\t\t<\/div>\n\t\t\t\t<div class=\"elementor-element elementor-element-530c73f elementor-widget elementor-widget-html\" data-id=\"530c73f\" data-element_type=\"widget\" data-e-type=\"widget\" data-widget_type=\"html.default\">\n\t\t\t\t<div class=\"elementor-widget-container\">\n\t\t\t\t\t<style> @media (max-width: 500px) { H2 {font-size:40px!important;} div.qodef-e-media-image.qodef--background {height:50vh!important;background-position-x:40%!important;}}\n<\/style>\t\t\t\t<\/div>\n\t\t\t\t<\/div>\n\t\t\t\t\t<\/div>\n\t\t<\/div>\n\t\t\t\t\t<\/div>\n\t\t<\/section>\n\t\t\t\t<\/div>\n\t\t","protected":false},"excerpt":{"rendered":"<p>Mes services Designer Web et Graphique, je con\u00e7ois des univers visuels sur mesure qui mettent en avant l\u2019histoire de mes clients tout en r\u00e9pondant aux attentes de leur audience. M\u00eame \u00e0 distance, je reste pr\u00e9sente \u00e0 chaque \u00e9tape du projet gr\u00e2ce \u00e0 des \u00e9changes \u00e9crits r\u00e9guliers et des rendez-vous en visioconf\u00e9rence pour une collaboration fluide [&hellip;]<\/p>\n","protected":false},"author":2,"featured_media":0,"parent":0,"menu_order":0,"comment_status":"closed","ping_status":"closed","template":"page-full-width.php","meta":{"footnotes":""},"class_list":["post-1371","page","type-page","status-publish","hentry"],"jetpack_sharing_enabled":true,"_links":{"self":[{"href":"https:\/\/sharondesign.fr\/en\/wp-json\/wp\/v2\/pages\/1371","targetHints":{"allow":["GET"]}}],"collection":[{"href":"https:\/\/sharondesign.fr\/en\/wp-json\/wp\/v2\/pages"}],"about":[{"href":"https:\/\/sharondesign.fr\/en\/wp-json\/wp\/v2\/types\/page"}],"author":[{"embeddable":true,"href":"https:\/\/sharondesign.fr\/en\/wp-json\/wp\/v2\/users\/2"}],"replies":[{"embeddable":true,"href":"https:\/\/sharondesign.fr\/en\/wp-json\/wp\/v2\/comments?post=1371"}],"version-history":[{"count":75,"href":"https:\/\/sharondesign.fr\/en\/wp-json\/wp\/v2\/pages\/1371\/revisions"}],"predecessor-version":[{"id":11215,"href":"https:\/\/sharondesign.fr\/en\/wp-json\/wp\/v2\/pages\/1371\/revisions\/11215"}],"wp:attachment":[{"href":"https:\/\/sharondesign.fr\/en\/wp-json\/wp\/v2\/media?parent=1371"}],"curies":[{"name":"wp","href":"https:\/\/api.w.org\/{rel}","templated":true}]}}