{"id":3365,"date":"2022-09-08T11:33:37","date_gmt":"2022-09-08T11:33:37","guid":{"rendered":"https:\/\/gavino.qodeinteractive.com\/?page_id=3365"},"modified":"2025-10-24T11:54:17","modified_gmt":"2025-10-24T09:54:17","slug":"contact","status":"publish","type":"page","link":"https:\/\/sharondesign.fr\/en\/contact\/","title":{"rendered":"Contact"},"content":{"rendered":"<div data-elementor-type=\"wp-page\" data-elementor-id=\"3365\" class=\"elementor elementor-3365\" data-elementor-post-type=\"page\">\n\t\t\t\t\t\t<section class=\"elementor-section elementor-top-section elementor-element elementor-element-6f76608 elementor-section-full_width elementor-section-stretched elementor-section-height-default elementor-section-height-default qodef-elementor-content-no\" data-id=\"6f76608\" data-element_type=\"section\" data-e-type=\"section\" data-settings=\"{&quot;stretch_section&quot;:&quot;section-stretched&quot;}\">\n\t\t\t\t\t\t<div class=\"elementor-container elementor-column-gap-default\">\n\t\t\t\t\t<div class=\"elementor-column elementor-col-100 elementor-top-column elementor-element elementor-element-8084a38\" data-id=\"8084a38\" data-element_type=\"column\" data-e-type=\"column\">\n\t\t\t<div class=\"elementor-widget-wrap elementor-element-populated\">\n\t\t\t\t\t\t<div class=\"elementor-element elementor-element-0140680 elementor-absolute elementor-widget elementor-widget-gavino_core_text_marquee\" data-id=\"0140680\" data-element_type=\"widget\" data-e-type=\"widget\" data-settings=\"{&quot;_position&quot;:&quot;absolute&quot;}\" data-widget_type=\"gavino_core_text_marquee.default\">\n\t\t\t\t<div class=\"elementor-widget-container\">\n\t\t\t\t\t<div class=\"qodef-shortcode qodef-m qodef-text-marquee qodef-text-marquee-895 qodef-layout--default\">\n\t<div class=\"qodef-m-content\" style=\"font-size: 350px\">\n\t\t<div class=\"qodef-m-text qodef-text--original\">\n\t\t\t\t\t\t\t<span class=\"qodef-m-text-1\" style=\"color:#D8C9EB2B\">\n\t\t\t\t\tCONTACT\t\t\t\t<\/span>\n\t\t\t\t\t\t\t\t\t                        \t\t<\/div>\n\t\t<div class=\"qodef-m-text qodef-text--copy\">\n\t\t\t\t\t\t\t<span class=\"qodef-m-text-1\" style=\"color:#D8C9EB2B\">\n\t\t\t\t\tCONTACT\t\t\t\t<\/span>\n\t\t\t\t\t\t\t\t\t                        \t\t<\/div>\n\t<\/div>\n<\/div>\n\t\t\t\t<\/div>\n\t\t\t\t<\/div>\n\t\t\t\t\t<\/div>\n\t\t<\/div>\n\t\t\t\t\t<\/div>\n\t\t<\/section>\n\t\t\t\t<section class=\"elementor-section elementor-top-section elementor-element elementor-element-7bb6cb8 elementor-section-full_width elementor-section-stretched elementor-section-height-default elementor-section-height-default qodef-elementor-content-no\" data-id=\"7bb6cb8\" data-element_type=\"section\" data-e-type=\"section\" data-settings=\"{&quot;stretch_section&quot;:&quot;section-stretched&quot;}\">\n\t\t\t\t\t\t<div class=\"elementor-container elementor-column-gap-default\">\n\t\t\t\t\t<div class=\"elementor-column elementor-col-50 elementor-top-column elementor-element elementor-element-f3ffb46\" data-id=\"f3ffb46\" data-element_type=\"column\" data-e-type=\"column\">\n\t\t\t<div class=\"elementor-widget-wrap elementor-element-populated\">\n\t\t\t\t\t\t<div class=\"elementor-element elementor-element-dd33544 elementor-absolute elementor-invisible elementor-widget elementor-widget-image\" data-id=\"dd33544\" data-element_type=\"widget\" data-e-type=\"widget\" data-settings=\"{&quot;_position&quot;:&quot;absolute&quot;,&quot;_animation&quot;:&quot;fadeIn&quot;}\" data-widget_type=\"image.default\">\n\t\t\t\t<div class=\"elementor-widget-container\">\n\t\t\t\t\t\t\t\t\t\t\t\t\t\t\t<img fetchpriority=\"high\" decoding=\"async\" width=\"1400\" height=\"1890\" src=\"https:\/\/sharondesign.fr\/wp-content\/uploads\/2023\/08\/page-contact-image.webp\" class=\"attachment-full size-full wp-image-8721\" alt=\"contact page image\" srcset=\"https:\/\/sharondesign.fr\/wp-content\/uploads\/2023\/08\/page-contact-image.webp 1400w, https:\/\/sharondesign.fr\/wp-content\/uploads\/2023\/08\/page-contact-image-1200x1620.webp 1200w, https:\/\/sharondesign.fr\/wp-content\/uploads\/2023\/08\/page-contact-image-222x300.webp 222w, https:\/\/sharondesign.fr\/wp-content\/uploads\/2023\/08\/page-contact-image-759x1024.webp 759w, https:\/\/sharondesign.fr\/wp-content\/uploads\/2023\/08\/page-contact-image-768x1037.webp 768w, https:\/\/sharondesign.fr\/wp-content\/uploads\/2023\/08\/page-contact-image-1138x1536.webp 1138w\" sizes=\"(max-width: 1400px) 100vw, 1400px\" \/>\t\t\t\t\t\t\t\t\t\t\t\t\t\t\t<\/div>\n\t\t\t\t<\/div>\n\t\t\t\t\t<\/div>\n\t\t<\/div>\n\t\t\t\t<div class=\"elementor-column elementor-col-50 elementor-top-column elementor-element elementor-element-bd4d8ef\" data-id=\"bd4d8ef\" data-element_type=\"column\" data-e-type=\"column\">\n\t\t\t<div class=\"elementor-widget-wrap elementor-element-populated\">\n\t\t\t\t\t\t<section class=\"elementor-section elementor-inner-section elementor-element elementor-element-0abf6ca elementor-section-boxed elementor-section-height-default elementor-section-height-default qodef-elementor-content-no\" data-id=\"0abf6ca\" data-element_type=\"section\" data-e-type=\"section\">\n\t\t\t\t\t\t<div class=\"elementor-container elementor-column-gap-default\">\n\t\t\t\t\t<div class=\"elementor-column elementor-col-100 elementor-inner-column elementor-element elementor-element-70d10df\" data-id=\"70d10df\" data-element_type=\"column\" data-e-type=\"column\">\n\t\t\t<div class=\"elementor-widget-wrap elementor-element-populated\">\n\t\t\t\t\t\t<div class=\"elementor-element elementor-element-daf3910 elementor-widget elementor-widget-gavino_core_section_title\" data-id=\"daf3910\" data-element_type=\"widget\" data-e-type=\"widget\" data-widget_type=\"gavino_core_section_title.default\">\n\t\t\t\t<div class=\"elementor-widget-container\">\n\t\t\t\t\t<div class=\"qodef-shortcode qodef-m qodef-section-title qodef-alignment--left\">\n\t\t<h4 class=\"qodef-m-title qodef-custom-font-785\" >\n\t\t\t\t\tWhat if we worked together?\t\t\t<\/h4>\n\t<\/div>\n\t\t\t\t<\/div>\n\t\t\t\t<\/div>\n\t\t\t\t<div class=\"elementor-element elementor-element-7b4ba14 elementor-widget elementor-widget-wp-widget-gavino_core_contact_form_7\" data-id=\"7b4ba14\" data-element_type=\"widget\" data-e-type=\"widget\" data-widget_type=\"wp-widget-gavino_core_contact_form_7.default\">\n\t\t\t\t<div class=\"elementor-widget-container\">\n\t\t\t\t\t\t\t\t<div class=\"qodef-contact-form-7\">\n\t\t\t\t\n<div class=\"wpcf7 no-js\" id=\"wpcf7-f3393-o1\" lang=\"en-US\" dir=\"ltr\" data-wpcf7-id=\"3393\">\n<div class=\"screen-reader-response\"><p role=\"status\" aria-live=\"polite\" aria-atomic=\"true\"><\/p> <ul><\/ul><\/div>\n<form action=\"\/en\/wp-json\/wp\/v2\/pages\/3365#wpcf7-f3393-o1\" method=\"post\" class=\"wpcf7-form init\" aria-label=\"Contact form\" novalidate=\"novalidate\" data-status=\"init\" data-trp-original-action=\"\/en\/wp-json\/wp\/v2\/pages\/3365#wpcf7-f3393-o1\">\n<fieldset class=\"hidden-fields-container\"><input type=\"hidden\" name=\"_wpcf7\" value=\"3393\" \/><input type=\"hidden\" name=\"_wpcf7_version\" value=\"6.1.5\" \/><input type=\"hidden\" name=\"_wpcf7_locale\" value=\"en_US\" \/><input type=\"hidden\" name=\"_wpcf7_unit_tag\" value=\"wpcf7-f3393-o1\" \/><input type=\"hidden\" name=\"_wpcf7_container_post\" value=\"0\" \/><input type=\"hidden\" name=\"_wpcf7_posted_data_hash\" value=\"\" \/><input type=\"hidden\" name=\"_wpcf7_recaptcha_response\" value=\"\" \/>\n<\/fieldset>\n<div class=\"qodef-main-contact-form\">\n\n\n<div class=\"qodef-contact-form-data\">\n\n <div class=\"qodef-contact-form-name\">\n\n  <span class=\"wpcf7-form-control-wrap\" data-name=\"first-name\"><input size=\"40\" maxlength=\"400\" class=\"wpcf7-form-control wpcf7-text wpcf7-validates-as-required\" aria-required=\"true\" aria-invalid=\"false\" placeholder=\"Name \/ Name of your Company\" value=\"\" type=\"text\" name=\"first-name\" \/><\/span>\n\n <\/div>\n\n <div class=\"qodef-contact-email\">\n\n  <span class=\"wpcf7-form-control-wrap\" data-name=\"your-email\"><input size=\"40\" maxlength=\"400\" class=\"wpcf7-form-control wpcf7-email wpcf7-validates-as-required wpcf7-text wpcf7-validates-as-email\" aria-required=\"true\" aria-invalid=\"false\" placeholder=\"E-mail\" value=\"\" type=\"email\" name=\"your-email\" \/><\/span> \n\n<\/div>\n\n<\/div>\n\n \n <label> Does your project require? <\/label>\n<span class=\"wpcf7-form-control-wrap\" data-name=\"checkbox-747\"><span class=\"wpcf7-form-control wpcf7-checkbox\" id=\"macheckboxx\"><span class=\"wpcf7-list-item first\"><label><input type=\"checkbox\" name=\"checkbox-747[]\" value=\"Site web vitrine\" \/><span class=\"wpcf7-list-item-label\">Showcase website<\/span><\/label><\/span><span class=\"wpcf7-list-item\"><label><input type=\"checkbox\" name=\"checkbox-747[]\" value=\"E-commerce\" \/><span class=\"wpcf7-list-item-label\">E-commerce<\/span><\/label><\/span><span class=\"wpcf7-list-item\"><label><input type=\"checkbox\" name=\"checkbox-747[]\" value=\"Identit\u00e9 visuelle\" \/><span class=\"wpcf7-list-item-label\">Visual identity<\/span><\/label><\/span><span class=\"wpcf7-list-item\"><label><input type=\"checkbox\" name=\"checkbox-747[]\" value=\"Int\u00e9gration sur WordPress\" \/><span class=\"wpcf7-list-item-label\">Integration on WordPress<\/span><\/label><\/span><span class=\"wpcf7-list-item last\"><label><input type=\"checkbox\" name=\"checkbox-747[]\" value=\"Autre Exp\u00e9rience \u2022 Unique\" \/><span class=\"wpcf7-list-item-label\">Other Experience \u2022 Unique<\/span><\/label><\/span><\/span><\/span>\n\n<span class=\"wpcf7-form-control-wrap\" data-name=\"your-message\"><textarea cols=\"40\" rows=\"4\" maxlength=\"2000\" class=\"wpcf7-form-control wpcf7-textarea wpcf7-validates-as-required\" aria-required=\"true\" aria-invalid=\"false\" placeholder=\"Can you tell me more about your project?\" name=\"your-message\"><\/textarea><\/span>\n\n\n\n\n<div class=\"qodef-submit\">\n\n <span class=\"wpcf7-form-control-wrap\" data-name=\"acceptance-524\"><span class=\"wpcf7-form-control wpcf7-acceptance\"><span class=\"wpcf7-list-item\"><label><input type=\"checkbox\" name=\"acceptance-524\" value=\"1\" id=\"accepter\" aria-invalid=\"false\" \/><span class=\"wpcf7-list-item-label\">By checking this box you agree that your data will be used to contact you again. No further processing will be carried out with your information<\/span><\/label><\/span><\/span><\/span>\n\n\n   <button class=\"wpcf7-form-control wpcf7-submit qodef-button qodef-layout--textual qodef-html--link qodef-m\" type=\"submit\"><span class=\"qodef-m-text\">Send<\/span><svg class=\"qodef-svg--button-arrow\" xmlns=\"http:\/\/www.w3.org\/2000\/svg\" x=\"0\" y=\"0\" viewbox=\"0 0 11.9 11.9\" xml:space=\"preserve\"><path class=\"qodef-path\" d=\"M.4 11.5 11.4.6M11.4 10V.5H1.9\"><\/path><path class=\"qodef-path\" d=\"M.4 11.5 11.4.6M11.4 10V.5H1.9\"><\/path><\/svg><\/button>\n\n \n\n<\/div>\n\n \n\n<\/div><div class=\"wpcf7-response-output\" aria-hidden=\"true\"><\/div>\n<input type=\"hidden\" name=\"trp-form-language\" value=\"en\"\/><\/form>\n<\/div>\n\t\t\t<\/div>\n\t\t\t\t\t\t\t<\/div>\n\t\t\t\t<\/div>\n\t\t\t\t<div class=\"elementor-element elementor-element-3cfc6f4 elementor-widget elementor-widget-html\" data-id=\"3cfc6f4\" data-element_type=\"widget\" data-e-type=\"widget\" data-widget_type=\"html.default\">\n\t\t\t\t<div class=\"elementor-widget-container\">\n\t\t\t\t\t<span style=\"font-size:12px;\">\r\nThis site is protected by reCAPTCHA and the\r\n    <a href=\"https:\/\/policies.google.com\/privacy\" target=\"_blank\" rel=\"noopener\">privacy policy<\/a> and the\r\n    <a href=\"https:\/\/policies.google.com\/terms\" target=\"_blank\" rel=\"noopener\">terms of use<\/a> Google&#039;s terms and conditions apply.\r\n<\/span>\r\n\t\t\t\t<\/div>\n\t\t\t\t<\/div>\n\t\t\t\t\t<\/div>\n\t\t<\/div>\n\t\t\t\t\t<\/div>\n\t\t<\/section>\n\t\t\t\t\t<\/div>\n\t\t<\/div>\n\t\t\t\t\t<\/div>\n\t\t<\/section>\n\t\t\t\t<\/div>","protected":false},"excerpt":{"rendered":"<p>CONTACT CONTACT Et si on travaillait ensemble ? Ce site est prot\u00e9g\u00e9 par reCAPTCHA et les r\u00e8gles de confidentialit\u00e9 et les conditions d&rsquo;utilisation de Google s&rsquo;appliquent.<\/p>","protected":false},"author":2,"featured_media":0,"parent":0,"menu_order":0,"comment_status":"closed","ping_status":"closed","template":"","meta":{"footnotes":""},"class_list":["post-3365","page","type-page","status-publish","hentry"],"jetpack_sharing_enabled":true,"_links":{"self":[{"href":"https:\/\/sharondesign.fr\/en\/wp-json\/wp\/v2\/pages\/3365","targetHints":{"allow":["GET"]}}],"collection":[{"href":"https:\/\/sharondesign.fr\/en\/wp-json\/wp\/v2\/pages"}],"about":[{"href":"https:\/\/sharondesign.fr\/en\/wp-json\/wp\/v2\/types\/page"}],"author":[{"embeddable":true,"href":"https:\/\/sharondesign.fr\/en\/wp-json\/wp\/v2\/users\/2"}],"replies":[{"embeddable":true,"href":"https:\/\/sharondesign.fr\/en\/wp-json\/wp\/v2\/comments?post=3365"}],"version-history":[{"count":174,"href":"https:\/\/sharondesign.fr\/en\/wp-json\/wp\/v2\/pages\/3365\/revisions"}],"predecessor-version":[{"id":11271,"href":"https:\/\/sharondesign.fr\/en\/wp-json\/wp\/v2\/pages\/3365\/revisions\/11271"}],"wp:attachment":[{"href":"https:\/\/sharondesign.fr\/en\/wp-json\/wp\/v2\/media?parent=3365"}],"curies":[{"name":"wp","href":"https:\/\/api.w.org\/{rel}","templated":true}]}}